{"id":1399,"date":"2024-01-05T00:11:34","date_gmt":"2024-01-05T00:11:34","guid":{"rendered":"https:\/\/ansiedadcero.net\/?post_type=product&#038;p=1399"},"modified":"2024-01-30T19:59:01","modified_gmt":"2024-01-30T19:59:01","slug":"ceremonia-de-blessingway","status":"publish","type":"product","link":"https:\/\/ansiedadcero.net\/index.php\/product\/ceremonia-de-blessingway\/","title":{"rendered":"Ceremonia de Blessingway"},"content":{"rendered":"<p>La bendici\u00f3n de la madre es una ceremonia que se centra en honrar a la madre y brindarle un espacio amoroso mientras se embarca en este incre\u00edble viaje de transici\u00f3n que cambia la vida; la intenci\u00f3n es llenarla de amor, fuerza, apoyo y aliento mientras gesta a su beb\u00e9.<\/p>\n<p>La ceremonia se puede llevar acabo en una casa, en un jard\u00edn, en un parque, en un estudio de yoga o en un sal\u00f3n de eventos. Casi cualquier espacio funcionar\u00e1, aunque lo ideal es elegir uno que tenga buena energ\u00eda, sea silencioso y tenga mucha luz natural.<\/p>\n<p>En esta ceremonia las flores a\u00f1aden un toque hermoso para crear un m\u00e1ndala y as\u00ed representar la vida del nuevo Ser que se suma a la familia, se realizan din\u00e1micas entre todos los asistentes para contribuir y plasmar el amor hacia la madre y el beb\u00e9, cada ceremonia es \u00fanica y especial.<\/p>\n<p>Costo sujeto a la zona de Metepec, Zinacantepec y Toluca.\u00a0 con un numero de 10 a 20 participantes.<\/p>\n<p>Env\u00eda mensaje para solicitar cotizaci\u00f3n de tu evento si radicas en otra \u00e1rea de la rep\u00fablica.<\/p>\n","protected":false},"excerpt":{"rendered":"<p>Ceremonia de bendici\u00f3n a la madre<\/p>\n","protected":false},"featured_media":1397,"comment_status":"open","ping_status":"closed","template":"","meta":{"site-sidebar-layout":"default","site-content-layout":"default","ast-global-header-display":"","ast-banner-title-visibility":"","ast-main-header-display":"","ast-hfb-above-header-display":"","ast-hfb-below-header-display":"","ast-hfb-mobile-header-display":"","site-post-title":"","ast-breadcrumbs-content":"","ast-featured-img":"","footer-sml-layout":"","theme-transparent-header-meta":"default","adv-header-id-meta":"","stick-header-meta":"","header-above-stick-meta":"","header-main-stick-meta":"","header-below-stick-meta":"","_joinchat":[]},"product_cat":[15],"product_tag":[],"class_list":["post-1399","product","type-product","status-publish","has-post-thumbnail","hentry","product_cat-uncategorized","desktop-align-left","tablet-align-left","mobile-align-left"],"aioseo_notices":[],"_links":{"self":[{"href":"https:\/\/ansiedadcero.net\/index.php\/wp-json\/wp\/v2\/product\/1399"}],"collection":[{"href":"https:\/\/ansiedadcero.net\/index.php\/wp-json\/wp\/v2\/product"}],"about":[{"href":"https:\/\/ansiedadcero.net\/index.php\/wp-json\/wp\/v2\/types\/product"}],"replies":[{"embeddable":true,"href":"https:\/\/ansiedadcero.net\/index.php\/wp-json\/wp\/v2\/comments?post=1399"}],"wp:featuredmedia":[{"embeddable":true,"href":"https:\/\/ansiedadcero.net\/index.php\/wp-json\/wp\/v2\/media\/1397"}],"wp:attachment":[{"href":"https:\/\/ansiedadcero.net\/index.php\/wp-json\/wp\/v2\/media?parent=1399"}],"wp:term":[{"taxonomy":"product_cat","embeddable":true,"href":"https:\/\/ansiedadcero.net\/index.php\/wp-json\/wp\/v2\/product_cat?post=1399"},{"taxonomy":"product_tag","embeddable":true,"href":"https:\/\/ansiedadcero.net\/index.php\/wp-json\/wp\/v2\/product_tag?post=1399"}],"curies":[{"name":"wp","href":"https:\/\/api.w.org\/{rel}","templated":true}]}}