{"id":1400,"date":"2024-01-05T00:58:10","date_gmt":"2024-01-05T00:58:10","guid":{"rendered":"https:\/\/ansiedadcero.net\/?post_type=product&#038;p=1400"},"modified":"2025-05-23T07:58:13","modified_gmt":"2025-05-23T07:58:13","slug":"vasos-con-cuarzos-inspirados-para-influir-en-tu-organismo","status":"publish","type":"product","link":"https:\/\/ansiedadcero.net\/index.php\/product\/vasos-con-cuarzos-inspirados-para-influir-en-tu-organismo\/","title":{"rendered":"Vasos con cuarzos inspirados para influir en tu organismo"},"content":{"rendered":"<p>Vasos inspirados para hidratarte con agua intencionada y cargada con la piedra de tu elecci\u00f3n, al tomar agua energizada con cristales durante un tiempo prolongado (m\u00ednimo tres semanas) la armon\u00eda se percibe autom\u00e1ticamente en el d\u00eda a d\u00eda<\/p>\n<p>El prop\u00f3sito es que el cuarzo transfiera energ\u00eda y repercuta en ti de una manera positiva, los cuarzos en general son considerados las piedras de poder por excelencia ya que al formarse en la tierra se cree que contienen diferentes cualidades y significado:<\/p>\n<p>Cuarzo verde tiene un uso principal en la protecci\u00f3n y sanaci\u00f3n del chakra del coraz\u00f3n, el centro energ\u00e9tico que esta relacionado con el amor propio, las relaciones saludables y la compasi\u00f3n.<\/p>\n<p>Cuarzo soladita se asocia al 5to chakra equilibrando la comunicaci\u00f3n y la expresi\u00f3n, tambi\u00e9n suele aplicarse al 6to chakra, propiciando la expansi\u00f3n de consciencia y fortaleciendo el intelecto.<\/p>\n<p>Cuarzo Rosa esta relacionado con la paz interior y favorece la realizaci\u00f3n personal, aumentando la autoestima y la confianza, permite tambi\u00e9n liberar emociones reprimidas en el coraz\u00f3n.<\/p>\n<p>El cuarzo blanco esta relacionado con la purificaci\u00f3n y la limpieza de las energ\u00edas, su poder nos permite deshacernos de la negatividad, se usa para combatir el estr\u00e9s y cansancio, la forma m\u00e1s com\u00fan de usar el cuarzo blanco es en una meditaci\u00f3n, ya que permite hacer limpieza de cuerpo, alma y mente.<\/p>\n<p>La piedra ojo de tigre sirve para protegernos de cualquier peligro, estimula la riqueza y nos ayuda a alcanzar los objetivos financieros que nos hemos trazado. Mentalmente esta piedra se encarga de mantener el equilibrio y eliminar cualquier miedo e indecisi\u00f3n.<\/p>\n<p>La piedra luna es un mineral por excelencia que se relaciona con los ciclos hormonales de la mujer: menstruaci\u00f3n, embarazo, lactancia, menopausia adolescencia, etc. Se vincula con el equilibrio hormonal y aporta armon\u00eda y estabilidad.<\/p>\n<p>La obsidiana se considera una piedra de crecimiento personal, es usada para la protecci\u00f3n y la limpieza; tambi\u00e9n es conocida por fomentar la fuerza y la curaci\u00f3n, la obsidiana negra lleva a lo m\u00e1s profundo de la mente inconsciente y estimula a trabajar los miedos mas arraigados.<\/p>\n","protected":false},"excerpt":{"rendered":"<p>Vaso de Cuarzo<\/p>\n","protected":false},"featured_media":1401,"comment_status":"open","ping_status":"closed","template":"","meta":{"site-sidebar-layout":"default","site-content-layout":"default","ast-global-header-display":"","ast-banner-title-visibility":"","ast-main-header-display":"","ast-hfb-above-header-display":"","ast-hfb-below-header-display":"","ast-hfb-mobile-header-display":"","site-post-title":"","ast-breadcrumbs-content":"","ast-featured-img":"","footer-sml-layout":"","theme-transparent-header-meta":"default","adv-header-id-meta":"","stick-header-meta":"","header-above-stick-meta":"","header-main-stick-meta":"","header-below-stick-meta":"","_joinchat":[]},"product_cat":[15],"product_tag":[],"class_list":["post-1400","product","type-product","status-publish","has-post-thumbnail","hentry","product_cat-uncategorized","desktop-align-left","tablet-align-left","mobile-align-left"],"aioseo_notices":[],"_links":{"self":[{"href":"https:\/\/ansiedadcero.net\/index.php\/wp-json\/wp\/v2\/product\/1400"}],"collection":[{"href":"https:\/\/ansiedadcero.net\/index.php\/wp-json\/wp\/v2\/product"}],"about":[{"href":"https:\/\/ansiedadcero.net\/index.php\/wp-json\/wp\/v2\/types\/product"}],"replies":[{"embeddable":true,"href":"https:\/\/ansiedadcero.net\/index.php\/wp-json\/wp\/v2\/comments?post=1400"}],"wp:featuredmedia":[{"embeddable":true,"href":"https:\/\/ansiedadcero.net\/index.php\/wp-json\/wp\/v2\/media\/1401"}],"wp:attachment":[{"href":"https:\/\/ansiedadcero.net\/index.php\/wp-json\/wp\/v2\/media?parent=1400"}],"wp:term":[{"taxonomy":"product_cat","embeddable":true,"href":"https:\/\/ansiedadcero.net\/index.php\/wp-json\/wp\/v2\/product_cat?post=1400"},{"taxonomy":"product_tag","embeddable":true,"href":"https:\/\/ansiedadcero.net\/index.php\/wp-json\/wp\/v2\/product_tag?post=1400"}],"curies":[{"name":"wp","href":"https:\/\/api.w.org\/{rel}","templated":true}]}}