{"id":1457,"date":"2024-02-15T02:09:56","date_gmt":"2024-02-15T02:09:56","guid":{"rendered":"https:\/\/ansiedadcero.net\/?post_type=product&#038;p=1457"},"modified":"2024-08-10T08:59:11","modified_gmt":"2024-08-10T08:59:11","slug":"paiste-gong-malets","status":"publish","type":"product","link":"https:\/\/ansiedadcero.net\/index.php\/product\/paiste-gong-malets\/","title":{"rendered":"Paiste Gong Malet&#8217;s"},"content":{"rendered":"<h2>Mazas Paiste para Percutir el Gong<\/h2>\n<p>&nbsp;<\/p>\n<h3>Calidad Artesanal, Sonido Excepcional<\/h3>\n<p>Las mazas Paiste son el compa\u00f1ero perfecto para tus gongs, creadas con los m\u00e1s altos est\u00e1ndares de calidad y atenci\u00f3n al detalle. Cada maza est\u00e1 dise\u00f1ada para producir un sonido puro y resonante, permiti\u00e9ndote extraer la gama completa de tonos y matices de tu gong con facilidad y precisi\u00f3n.<\/p>\n<h3>Variedad de Tama\u00f1os, Personalizaci\u00f3n sobre Pedido<\/h3>\n<p>En <strong>The Inspiratiom<\/strong>, entendemos que cada m\u00fasico y terapeuta de sonido tiene sus propias preferencias y necesidades \u00fanicas. Es por eso que ofrecemos la posibilidad de adquirir mazas Paiste en una variedad de tama\u00f1os y estilos, \u00a1y lo mejor de todo es que puedes obtenerlos sobre pedido! Desde mazas m\u00e1s peque\u00f1as y delicadas hasta opciones m\u00e1s grandes y contundentes, tenemos el tama\u00f1o perfecto para ti.<\/p>\n<p>Ya sea que est\u00e9s buscando una maza suave y delicada para crear sonidos et\u00e9reos y sutiles, o una maza m\u00e1s robusta para producir tonos profundos y resonantes, nuestras mazas Paiste est\u00e1n dise\u00f1adas para satisfacer todas tus necesidades de interpretaci\u00f3n y expresi\u00f3n musical.<\/p>\n<h3>Haz tu Pedido hoy mismo<\/h3>\n<p>\u00bfEst\u00e1s listo para elevar tu m\u00fasica y tu pr\u00e1ctica terap\u00e9utica al siguiente nivel? \u00a1Haz tu pedido hoy mismo y adquiere nuestras mazas Paiste para percutir el gong! Cont\u00e1ctanos para discutir tus necesidades espec\u00edficas y obtener una maza que se adapte perfectamente a tu estilo y preferencias; 7223556001 Diana D\u00edaz.<\/p>\n","protected":false},"excerpt":{"rendered":"<p>Mazas Paiste para Percutir el Gong &nbsp; Calidad Artesanal, Sonido Excepcional Las mazas Paiste son el compa\u00f1ero perfecto para tus gongs, creadas con los m\u00e1s altos est\u00e1ndares de calidad y atenci\u00f3n al detalle. Cada maza est\u00e1 dise\u00f1ada para producir un sonido puro y resonante, permiti\u00e9ndote extraer la gama completa de tonos y matices de tu &hellip;<\/p>\n<p class=\"read-more\"> <a class=\"\" href=\"https:\/\/ansiedadcero.net\/index.php\/product\/paiste-gong-malets\/\"> <span class=\"screen-reader-text\">Paiste Gong Malet&#8217;s<\/span> Read More &raquo;<\/a><\/p>\n","protected":false},"featured_media":1459,"comment_status":"open","ping_status":"closed","template":"","meta":{"site-sidebar-layout":"default","site-content-layout":"default","ast-global-header-display":"","ast-banner-title-visibility":"","ast-main-header-display":"","ast-hfb-above-header-display":"","ast-hfb-below-header-display":"","ast-hfb-mobile-header-display":"","site-post-title":"","ast-breadcrumbs-content":"","ast-featured-img":"","footer-sml-layout":"","theme-transparent-header-meta":"default","adv-header-id-meta":"","stick-header-meta":"","header-above-stick-meta":"","header-main-stick-meta":"","header-below-stick-meta":"","_joinchat":[]},"product_cat":[15],"product_tag":[],"class_list":["post-1457","product","type-product","status-publish","has-post-thumbnail","hentry","product_cat-uncategorized","desktop-align-left","tablet-align-left","mobile-align-left"],"aioseo_notices":[],"_links":{"self":[{"href":"https:\/\/ansiedadcero.net\/index.php\/wp-json\/wp\/v2\/product\/1457"}],"collection":[{"href":"https:\/\/ansiedadcero.net\/index.php\/wp-json\/wp\/v2\/product"}],"about":[{"href":"https:\/\/ansiedadcero.net\/index.php\/wp-json\/wp\/v2\/types\/product"}],"replies":[{"embeddable":true,"href":"https:\/\/ansiedadcero.net\/index.php\/wp-json\/wp\/v2\/comments?post=1457"}],"wp:featuredmedia":[{"embeddable":true,"href":"https:\/\/ansiedadcero.net\/index.php\/wp-json\/wp\/v2\/media\/1459"}],"wp:attachment":[{"href":"https:\/\/ansiedadcero.net\/index.php\/wp-json\/wp\/v2\/media?parent=1457"}],"wp:term":[{"taxonomy":"product_cat","embeddable":true,"href":"https:\/\/ansiedadcero.net\/index.php\/wp-json\/wp\/v2\/product_cat?post=1457"},{"taxonomy":"product_tag","embeddable":true,"href":"https:\/\/ansiedadcero.net\/index.php\/wp-json\/wp\/v2\/product_tag?post=1457"}],"curies":[{"name":"wp","href":"https:\/\/api.w.org\/{rel}","templated":true}]}}