{"id":1497,"date":"2024-02-26T02:20:51","date_gmt":"2024-02-26T02:20:51","guid":{"rendered":"https:\/\/ansiedadcero.net\/?post_type=product&#038;p=1497"},"modified":"2025-05-27T01:47:53","modified_gmt":"2025-05-27T01:47:53","slug":"ventosa-de-goma-para-cuencos","status":"publish","type":"product","link":"https:\/\/ansiedadcero.net\/index.php\/product\/ventosa-de-goma-para-cuencos\/","title":{"rendered":"Ventosa de Goma para cuencos"},"content":{"rendered":"<h2>\u00a1Ventosa de Goma para Cargar Cuencos!<\/h2>\n<p>La ventosa de goma para cargar cuencos. Dise\u00f1ada con precisi\u00f3n y durabilidad en mente, esta ventosa es la herramienta perfecta para manipular tus cuencos de forma segura y f\u00e1cil.<\/p>\n<h3>Simplifica tu Experiencia<\/h3>\n<p>Nuestra ventosa de goma ofrece un agarre firme y confiable dise\u00f1adas para terapeutas de sonido hasta m\u00fasicos y entusiastas de la meditaci\u00f3n, nuestra ventosa de goma se adapta a una variedad de necesidades y usos. Ya sea en el estudio, en conciertos o en sesiones de terapia, \u00a1nunca ha sido tan f\u00e1cil manejar tus cuencos.<\/p>\n<p>Construida con materiales de alta calidad y un dise\u00f1o ergon\u00f3mico, nuestra ventosa de goma est\u00e1 dise\u00f1ada para durar y resistir el uso constante. Conf\u00eda en ella para proteger tus cuencos y simplificar tu pr\u00e1ctica diaria.<\/p>\n","protected":false},"excerpt":{"rendered":"<p>\u00a1Ventosa de Goma para Cargar Cuencos! La ventosa de goma para cargar cuencos. Dise\u00f1ada con precisi\u00f3n y durabilidad en mente, esta ventosa es la herramienta perfecta para manipular tus cuencos de forma segura y f\u00e1cil. Simplifica tu Experiencia Nuestra ventosa de goma ofrece un agarre firme y confiable dise\u00f1adas para terapeutas de sonido hasta m\u00fasicos &hellip;<\/p>\n<p class=\"read-more\"> <a class=\"\" href=\"https:\/\/ansiedadcero.net\/index.php\/product\/ventosa-de-goma-para-cuencos\/\"> <span class=\"screen-reader-text\">Ventosa de Goma para cuencos<\/span> Read More &raquo;<\/a><\/p>\n","protected":false},"featured_media":1498,"comment_status":"open","ping_status":"closed","template":"","meta":{"site-sidebar-layout":"default","site-content-layout":"default","ast-global-header-display":"","ast-banner-title-visibility":"","ast-main-header-display":"","ast-hfb-above-header-display":"","ast-hfb-below-header-display":"","ast-hfb-mobile-header-display":"","site-post-title":"","ast-breadcrumbs-content":"","ast-featured-img":"","footer-sml-layout":"","theme-transparent-header-meta":"default","adv-header-id-meta":"","stick-header-meta":"","header-above-stick-meta":"","header-main-stick-meta":"","header-below-stick-meta":"","_joinchat":[]},"product_cat":[15],"product_tag":[],"class_list":["post-1497","product","type-product","status-publish","has-post-thumbnail","hentry","product_cat-uncategorized","desktop-align-left","tablet-align-left","mobile-align-left"],"aioseo_notices":[],"_links":{"self":[{"href":"https:\/\/ansiedadcero.net\/index.php\/wp-json\/wp\/v2\/product\/1497"}],"collection":[{"href":"https:\/\/ansiedadcero.net\/index.php\/wp-json\/wp\/v2\/product"}],"about":[{"href":"https:\/\/ansiedadcero.net\/index.php\/wp-json\/wp\/v2\/types\/product"}],"replies":[{"embeddable":true,"href":"https:\/\/ansiedadcero.net\/index.php\/wp-json\/wp\/v2\/comments?post=1497"}],"wp:featuredmedia":[{"embeddable":true,"href":"https:\/\/ansiedadcero.net\/index.php\/wp-json\/wp\/v2\/media\/1498"}],"wp:attachment":[{"href":"https:\/\/ansiedadcero.net\/index.php\/wp-json\/wp\/v2\/media?parent=1497"}],"wp:term":[{"taxonomy":"product_cat","embeddable":true,"href":"https:\/\/ansiedadcero.net\/index.php\/wp-json\/wp\/v2\/product_cat?post=1497"},{"taxonomy":"product_tag","embeddable":true,"href":"https:\/\/ansiedadcero.net\/index.php\/wp-json\/wp\/v2\/product_tag?post=1497"}],"curies":[{"name":"wp","href":"https:\/\/api.w.org\/{rel}","templated":true}]}}