{"id":1499,"date":"2024-02-26T21:04:14","date_gmt":"2024-02-26T21:04:14","guid":{"rendered":"https:\/\/ansiedadcero.net\/?post_type=product&#038;p=1499"},"modified":"2024-02-26T21:18:50","modified_gmt":"2024-02-26T21:18:50","slug":"1499","status":"publish","type":"product","link":"https:\/\/ansiedadcero.net\/index.php\/product\/1499\/","title":{"rendered":"Ocean Surf Drum"},"content":{"rendered":"<h2>Sum\u00e9rgete en la Magia del Oc\u00e9ano con el Toca Percussion Ocean Surf Drum<\/h2>\n<p>El Toca Percussion Ocean Surf Drum es m\u00e1s que un instrumento; es un portal a tus recuerdos m\u00e1s preciados junto al mar, este tambor te llevar\u00e1 de regreso a las brisas del oc\u00e9ano y la arena. Deja que los vibrantes sonidos del Ocean Surf Drum se infiltren en tu conciencia, record\u00e1ndote los dulces sonidos de un apacible d\u00eda en el oc\u00e9ano.<\/p>\n<h3>Dimensiones del Tambor de Surf:<\/h3>\n<ul>\n<li>Di\u00e1metro: 14&#8243;<\/li>\n<li>Profundidad: Aproximadamente 2\u201d<\/li>\n<\/ul>\n<p>Ordena el tuyo sobre pedido y deja que la magia del mar te envuelva, dondequiera que est\u00e9s.<\/p>\n","protected":false},"excerpt":{"rendered":"<p>Sum\u00e9rgete en la Magia del Oc\u00e9ano con el Toca Percussion Ocean Surf Drum El Toca Percussion Ocean Surf Drum es m\u00e1s que un instrumento; es un portal a tus recuerdos m\u00e1s preciados junto al mar, este tambor te llevar\u00e1 de regreso a las brisas del oc\u00e9ano y la arena. Deja que los vibrantes sonidos del &hellip;<\/p>\n<p class=\"read-more\"> <a class=\"\" href=\"https:\/\/ansiedadcero.net\/index.php\/product\/1499\/\"> <span class=\"screen-reader-text\">Ocean Surf Drum<\/span> Read More &raquo;<\/a><\/p>\n","protected":false},"featured_media":1500,"comment_status":"open","ping_status":"closed","template":"","meta":{"site-sidebar-layout":"default","site-content-layout":"default","ast-global-header-display":"","ast-banner-title-visibility":"","ast-main-header-display":"","ast-hfb-above-header-display":"","ast-hfb-below-header-display":"","ast-hfb-mobile-header-display":"","site-post-title":"","ast-breadcrumbs-content":"","ast-featured-img":"","footer-sml-layout":"","theme-transparent-header-meta":"default","adv-header-id-meta":"","stick-header-meta":"","header-above-stick-meta":"","header-main-stick-meta":"","header-below-stick-meta":"","_joinchat":[]},"product_cat":[15],"product_tag":[],"class_list":["post-1499","product","type-product","status-publish","has-post-thumbnail","hentry","product_cat-uncategorized","desktop-align-left","tablet-align-left","mobile-align-left"],"aioseo_notices":[],"_links":{"self":[{"href":"https:\/\/ansiedadcero.net\/index.php\/wp-json\/wp\/v2\/product\/1499"}],"collection":[{"href":"https:\/\/ansiedadcero.net\/index.php\/wp-json\/wp\/v2\/product"}],"about":[{"href":"https:\/\/ansiedadcero.net\/index.php\/wp-json\/wp\/v2\/types\/product"}],"replies":[{"embeddable":true,"href":"https:\/\/ansiedadcero.net\/index.php\/wp-json\/wp\/v2\/comments?post=1499"}],"wp:featuredmedia":[{"embeddable":true,"href":"https:\/\/ansiedadcero.net\/index.php\/wp-json\/wp\/v2\/media\/1500"}],"wp:attachment":[{"href":"https:\/\/ansiedadcero.net\/index.php\/wp-json\/wp\/v2\/media?parent=1499"}],"wp:term":[{"taxonomy":"product_cat","embeddable":true,"href":"https:\/\/ansiedadcero.net\/index.php\/wp-json\/wp\/v2\/product_cat?post=1499"},{"taxonomy":"product_tag","embeddable":true,"href":"https:\/\/ansiedadcero.net\/index.php\/wp-json\/wp\/v2\/product_tag?post=1499"}],"curies":[{"name":"wp","href":"https:\/\/api.w.org\/{rel}","templated":true}]}}